{"id":69,"date":"2024-12-12T21:11:56","date_gmt":"2024-12-12T21:11:56","guid":{"rendered":"https:\/\/watesse.be\/?page_id=69"},"modified":"2025-04-13T18:38:59","modified_gmt":"2025-04-13T18:38:59","slug":"qui-suis-je","status":"publish","type":"page","link":"https:\/\/cv.watesse.be\/?page_id=69","title":{"rendered":"Qui suis-je ?"},"content":{"rendered":"\n<div class=\"wp-block-media-text is-stacked-on-mobile souris has-theme-palette-7-background-color has-background\" style=\"border-radius:20px;padding-top:var(--wp--preset--spacing--40);padding-right:var(--wp--preset--spacing--30);padding-bottom:var(--wp--preset--spacing--40);padding-left:var(--wp--preset--spacing--30);grid-template-columns:31% auto\"><figure class=\"wp-block-media-text__media\"><img loading=\"lazy\" decoding=\"async\" width=\"1024\" height=\"770\" src=\"https:\/\/cv.watesse.be\/wp-content\/uploads\/2025\/01\/420070119_10160969789330856_6875436230401014067_n-1024x770.jpg\" alt=\"\" class=\"wp-image-320 size-full\" srcset=\"https:\/\/cv.watesse.be\/wp-content\/uploads\/2025\/01\/420070119_10160969789330856_6875436230401014067_n-1024x770.jpg 1024w, https:\/\/cv.watesse.be\/wp-content\/uploads\/2025\/01\/420070119_10160969789330856_6875436230401014067_n-300x226.jpg 300w, https:\/\/cv.watesse.be\/wp-content\/uploads\/2025\/01\/420070119_10160969789330856_6875436230401014067_n-768x578.jpg 768w, https:\/\/cv.watesse.be\/wp-content\/uploads\/2025\/01\/420070119_10160969789330856_6875436230401014067_n-1536x1155.jpg 1536w, https:\/\/cv.watesse.be\/wp-content\/uploads\/2025\/01\/420070119_10160969789330856_6875436230401014067_n.jpg 2048w\" sizes=\"auto, (max-width: 1024px) 100vw, 1024px\" \/><\/figure><div class=\"wp-block-media-text__content\">\n<p class=\"has-text-align-left\">Isabelle, historienne de l\u2019art et arch\u00e9ologue, guide au Pr\u00e9histomuseum depuis 2012. Je suis profond\u00e9ment amoureuse des Grottes de Goyet, o\u00f9 j&rsquo;ai la chance de coordonner une petite \u00e9quipe d&rsquo;animateurs passionn\u00e9s.<\/p>\n\n\n\n<p class=\"has-text-align-left\">Mon travail est une v\u00e9ritable vocation : j&rsquo;adore faire d\u00e9couvrir l\u2019histoire, le patrimoine et la culture \u00e0 un maximum de visiteurs, et en particulier aux enfants. Voir cette petite \u00e9toile de curiosit\u00e9 et d\u2019int\u00e9r\u00eat s\u2019allumer dans leurs yeux est une source in\u00e9puisable de joie et de motivation. J\u2019aime aussi contribuer \u00e0 l\u2019enrichissement d\u2019un site aussi magnifique et plein de potentiel.<\/p>\n\n\n\n<p class=\"has-text-align-left\">Ce qui me passionne encore plus ? Rencontrer chaque nouvelle personne, d\u00e9couvrir son parcours et son histoire. Chaque \u00e9change est une source d\u2019enrichissement personnel et professionnel.<\/p>\n<\/div><\/div>\n\n\n\n<hr class=\"wp-block-separator has-alpha-channel-opacity\"\/>\n\n\n\n<div class=\"wp-block-media-text is-stacked-on-mobile souris has-theme-palette-7-background-color has-background\" style=\"border-radius:20px;padding-top:var(--wp--preset--spacing--40);padding-right:var(--wp--preset--spacing--30);padding-bottom:var(--wp--preset--spacing--40);padding-left:var(--wp--preset--spacing--30);grid-template-columns:31% auto\"><figure class=\"wp-block-media-text__media\"><img loading=\"lazy\" decoding=\"async\" width=\"1024\" height=\"724\" src=\"https:\/\/cv.watesse.be\/wp-content\/uploads\/2025\/01\/329051241_952330819481518_3866177112315087209_n-1024x724.jpg\" alt=\"\" class=\"wp-image-322 size-full\" srcset=\"https:\/\/cv.watesse.be\/wp-content\/uploads\/2025\/01\/329051241_952330819481518_3866177112315087209_n-1024x724.jpg 1024w, https:\/\/cv.watesse.be\/wp-content\/uploads\/2025\/01\/329051241_952330819481518_3866177112315087209_n-300x212.jpg 300w, https:\/\/cv.watesse.be\/wp-content\/uploads\/2025\/01\/329051241_952330819481518_3866177112315087209_n-768x543.jpg 768w, https:\/\/cv.watesse.be\/wp-content\/uploads\/2025\/01\/329051241_952330819481518_3866177112315087209_n.jpg 1420w\" sizes=\"auto, (max-width: 1024px) 100vw, 1024px\" \/><\/figure><div class=\"wp-block-media-text__content\">\n<p>En dehors de mon domaine professionnel, mes loisirs incluent la lecture, le bricolage, les jeux de soci\u00e9t\u00e9 et les balades. Avec mon compagnon, nous avons achet\u00e9 une grande maison, et nous passons la majorit\u00e9 de notre temps libre \u00e0 faire des travaux et \u00e0 r\u00e9nover notre cocon.<\/p>\n<\/div><\/div>\n\n\n\n<p><\/p>\n","protected":false},"excerpt":{"rendered":"<p>Isabelle, historienne de l\u2019art et arch\u00e9ologue, guide au Pr\u00e9histomuseum depuis 2012. Je suis profond\u00e9ment amoureuse des Grottes de Goyet, o\u00f9 j&rsquo;ai la chance de coordonner une petite \u00e9quipe d&rsquo;animateurs passionn\u00e9s. Mon travail est une v\u00e9ritable vocation : j&rsquo;adore faire d\u00e9couvrir l\u2019histoire, le patrimoine et la culture \u00e0 un maximum de visiteurs, et en particulier aux&#8230;<\/p>\n","protected":false},"author":1,"featured_media":0,"parent":96,"menu_order":0,"comment_status":"closed","ping_status":"closed","template":"","meta":{"_kad_post_transparent":"","_kad_post_title":"","_kad_post_layout":"","_kad_post_sidebar_id":"","_kad_post_content_style":"","_kad_post_vertical_padding":"","_kad_post_feature":"","_kad_post_feature_position":"","_kad_post_header":false,"_kad_post_footer":false,"_kad_post_classname":"","footnotes":""},"class_list":["post-69","page","type-page","status-publish","hentry"],"aioseo_notices":[],"_links":{"self":[{"href":"https:\/\/cv.watesse.be\/index.php?rest_route=\/wp\/v2\/pages\/69","targetHints":{"allow":["GET"]}}],"collection":[{"href":"https:\/\/cv.watesse.be\/index.php?rest_route=\/wp\/v2\/pages"}],"about":[{"href":"https:\/\/cv.watesse.be\/index.php?rest_route=\/wp\/v2\/types\/page"}],"author":[{"embeddable":true,"href":"https:\/\/cv.watesse.be\/index.php?rest_route=\/wp\/v2\/users\/1"}],"replies":[{"embeddable":true,"href":"https:\/\/cv.watesse.be\/index.php?rest_route=%2Fwp%2Fv2%2Fcomments&post=69"}],"version-history":[{"count":7,"href":"https:\/\/cv.watesse.be\/index.php?rest_route=\/wp\/v2\/pages\/69\/revisions"}],"predecessor-version":[{"id":628,"href":"https:\/\/cv.watesse.be\/index.php?rest_route=\/wp\/v2\/pages\/69\/revisions\/628"}],"up":[{"embeddable":true,"href":"https:\/\/cv.watesse.be\/index.php?rest_route=\/wp\/v2\/pages\/96"}],"wp:attachment":[{"href":"https:\/\/cv.watesse.be\/index.php?rest_route=%2Fwp%2Fv2%2Fmedia&parent=69"}],"curies":[{"name":"wp","href":"https:\/\/api.w.org\/{rel}","templated":true}]}}